{"id":138,"date":"2026-03-12T23:53:20","date_gmt":"2026-03-12T21:53:20","guid":{"rendered":"https:\/\/createhouse.polaroaks.com\/ipasibas-2\/"},"modified":"2026-03-12T23:53:20","modified_gmt":"2026-03-12T21:53:20","slug":"ipasibas-2","status":"publish","type":"page","link":"https:\/\/createhouse.lv\/en\/ipasibas-2\/","title":{"rendered":"\u012apa\u0161\u012bbas"},"content":{"rendered":"","protected":false},"excerpt":{"rendered":"","protected":false},"author":0,"featured_media":0,"parent":0,"menu_order":0,"comment_status":"closed","ping_status":"closed","template":"page-ipasibas.php","meta":{"_acf_changed":false,"footnotes":""},"class_list":["post-138","page","type-page","status-publish","hentry"],"acf":[],"_links":{"self":[{"href":"https:\/\/createhouse.lv\/en\/wp-json\/wp\/v2\/pages\/138","targetHints":{"allow":["GET"]}}],"collection":[{"href":"https:\/\/createhouse.lv\/en\/wp-json\/wp\/v2\/pages"}],"about":[{"href":"https:\/\/createhouse.lv\/en\/wp-json\/wp\/v2\/types\/page"}],"replies":[{"embeddable":true,"href":"https:\/\/createhouse.lv\/en\/wp-json\/wp\/v2\/comments?post=138"}],"version-history":[{"count":0,"href":"https:\/\/createhouse.lv\/en\/wp-json\/wp\/v2\/pages\/138\/revisions"}],"wp:attachment":[{"href":"https:\/\/createhouse.lv\/en\/wp-json\/wp\/v2\/media?parent=138"}],"curies":[{"name":"wp","href":"https:\/\/api.w.org\/{rel}","templated":true}]}}